{"id":404,"date":"2013-03-19T14:57:35","date_gmt":"2013-03-19T13:57:35","guid":{"rendered":"https:\/\/www.tura-tennis.de\/?page_id=404"},"modified":"2021-04-03T11:00:42","modified_gmt":"2021-04-03T09:00:42","slug":"tennisschule","status":"publish","type":"page","link":"https:\/\/tura-tennis.de\/?page_id=404","title":{"rendered":"Tennisschule"},"content":{"rendered":"<p><a href=\"https:\/\/tura-tennis.de\/wp-content\/uploads\/2021\/04\/Screenshot_20210402-210412_Office.jpg\"><img decoding=\"async\" loading=\"lazy\" class=\"aligncenter wp-image-4716\" src=\"https:\/\/tura-tennis.de\/wp-content\/uploads\/2021\/04\/Screenshot_20210402-210412_Office.jpg\" alt=\"\" width=\"439\" height=\"651\" srcset=\"https:\/\/tura-tennis.de\/wp-content\/uploads\/2021\/04\/Screenshot_20210402-210412_Office.jpg 520w, https:\/\/tura-tennis.de\/wp-content\/uploads\/2021\/04\/Screenshot_20210402-210412_Office-202x300.jpg 202w\" sizes=\"(max-width: 439px) 100vw, 439px\" \/><\/a>Der lizenzierte Tennislehrer Thomas Dr\u00f6ge arbeitet hauptberuflich. Er spielte auf Bundesliganiveau.<br \/>\nLangj\u00e4hrige Berufserfahrung und St\u00e4ndige Fortbildungen, sind beste Voraussetzungen f\u00fcr ein erfolgreiches Training.<br \/>\nDer Tennisunterricht wird nach den Richtlinien des Deutschen Tennisbund und des Verband Deutscher Tennislehrer durchgef\u00fchrt. Das Leistungsoptimum eines jeden Einzelnen zu erzielen, ist das Ziel.<br \/>\nDen pers\u00f6nlichen Leistungsstand analysieren und zu verbessern, hat f\u00fcr Ihn den h\u00f6chsten Stellenwert. Seine Erfolge reichen vom Heranf\u00fchren von Jugendlichen auf Verbandsniveau bis zum Bundesligacoach.<\/p>\n<p><strong>Das breite Spektrum seiner Leistungen, reichen von Tennisvereine zu f\u00fchren, unter dem Zertifikat Deutsche Tennisschule, bis zur Entwicklung individueller Konzepte zur Mitgliedergewinnung, Feriencamps, Einzeltraining und Gruppentraining.<\/strong><\/p>\n<p>Das Konzept<br \/>\nTennis ist ein Sport f\u00fcr das ganze Leben. Ich m\u00f6chte die technischen Grundlagen vermitteln, die es Ihnen erm\u00f6glichen \u00fcber den Sport mit Menschen in Kontakt zu treten. Wer die Grundlagen erlernt, wird dauerhaft viel Freude und Spa\u00df am Tennis haben. Ich wende moderne Trainingskonzepte an und bilde mich st\u00e4ndig fort.<\/p>\n<p><strong>Kinder und Jugendliche<br \/>\n<\/strong>Mein Ziel ist es, das Kinder an Teamwettbewerben des Westf\u00e4lischen Tennisverband teilnehmen.<\/p>\n<p><strong>Tennis f\u00fcr Erwachsene<br \/>\n<\/strong>Bei Erwachsenen wird das Training mit den druckreduzierten B\u00e4llen, an den Leistungsstand angepasst. Somit ist garantiert, das jeder Tennisspielen lernen kann.<\/p>\n<p><strong>Schnupperstunden und Probetraining<br \/>\n<\/strong>Leihschl\u00e4ger stehen auf Verlangen zur Verf\u00fcgung,<br \/>\nSportschuhe reichen in der ersten Stunde aus.<\/p>\n<p><strong>Die Anmeldungen und Terminabsprachen f\u00fcr den Tennisunterricht, nimmt Thomas Dr\u00f6ge entgegen.<\/strong><br \/>\n<strong>E-Mail: <script type='text\/javascript'>plug_emp(true, '=5;emp:de;emp:2b5e6d1*cf3-#0;emp:gmx;emp:fb#3e5.6*41ad0;emp:thomas.droege');<\/script><\/strong><br \/>\n<strong>Handy: +491772684616<\/strong><\/p>\n","protected":false},"excerpt":{"rendered":"<p>Der lizenzierte Tennislehrer Thomas Dr\u00f6ge arbeitet hauptberuflich. Er spielte auf Bundesliganiveau. Langj\u00e4hrige Berufserfahrung und St\u00e4ndige Fortbildungen, sind beste Voraussetzungen f\u00fcr ein erfolgreiches Training. Der Tennisunterricht wird nach den Richtlinien des Deutschen Tennisbund und des Verband Deutscher Tennislehrer durchgef\u00fchrt. Das Leistungsoptimum eines jeden Einzelnen zu erzielen, ist das Ziel. Den pers\u00f6nlichen Leistungsstand analysieren und zu verbessern,<a href=\"https:\/\/tura-tennis.de\/?page_id=404\">&raquo; Mehr erfahren&#8230;<\/a><\/p>\n","protected":false},"author":1,"featured_media":0,"parent":0,"menu_order":80,"comment_status":"closed","ping_status":"closed","template":"","meta":{"ngg_post_thumbnail":0},"_links":{"self":[{"href":"https:\/\/tura-tennis.de\/index.php?rest_route=\/wp\/v2\/pages\/404"}],"collection":[{"href":"https:\/\/tura-tennis.de\/index.php?rest_route=\/wp\/v2\/pages"}],"about":[{"href":"https:\/\/tura-tennis.de\/index.php?rest_route=\/wp\/v2\/types\/page"}],"author":[{"embeddable":true,"href":"https:\/\/tura-tennis.de\/index.php?rest_route=\/wp\/v2\/users\/1"}],"replies":[{"embeddable":true,"href":"https:\/\/tura-tennis.de\/index.php?rest_route=%2Fwp%2Fv2%2Fcomments&post=404"}],"version-history":[{"count":5,"href":"https:\/\/tura-tennis.de\/index.php?rest_route=\/wp\/v2\/pages\/404\/revisions"}],"predecessor-version":[{"id":4723,"href":"https:\/\/tura-tennis.de\/index.php?rest_route=\/wp\/v2\/pages\/404\/revisions\/4723"}],"wp:attachment":[{"href":"https:\/\/tura-tennis.de\/index.php?rest_route=%2Fwp%2Fv2%2Fmedia&parent=404"}],"curies":[{"name":"wp","href":"https:\/\/api.w.org\/{rel}","templated":true}]}}