{"id":20,"date":"2013-01-23T08:33:05","date_gmt":"2013-01-23T07:33:05","guid":{"rendered":"https:\/\/www.tura-tennis.de\/?page_id=20"},"modified":"2022-02-04T14:53:25","modified_gmt":"2022-02-04T13:53:25","slug":"breitensport","status":"publish","type":"page","link":"https:\/\/tura-tennis.de\/?page_id=20","title":{"rendered":"Talentino Club Infos"},"content":{"rendered":"<p>Unter dem aufgef\u00fchrten Link, finden Sie alle Infos zu Thema <strong>TALENTINOS<\/strong><\/p>\n<p><a href=\"http:\/\/www.kindertennis.de\">http:\/\/www.kindertennis.de<\/a><br \/>\n<a href=\"https:\/\/tura-tennis.de\/wp-content\/uploads\/2022\/01\/20220130_111359.jpg\"><img decoding=\"async\" loading=\"lazy\" class=\"size-medium wp-image-5044 alignleft\" src=\"https:\/\/tura-tennis.de\/wp-content\/uploads\/2022\/01\/20220130_111359-300x297.jpg\" alt=\"\" width=\"300\" height=\"297\" srcset=\"https:\/\/tura-tennis.de\/wp-content\/uploads\/2022\/01\/20220130_111359-300x297.jpg 300w, https:\/\/tura-tennis.de\/wp-content\/uploads\/2022\/01\/20220130_111359-150x150.jpg 150w, https:\/\/tura-tennis.de\/wp-content\/uploads\/2022\/01\/20220130_111359-768x760.jpg 768w, https:\/\/tura-tennis.de\/wp-content\/uploads\/2022\/01\/20220130_111359-1024x1013.jpg 1024w, https:\/\/tura-tennis.de\/wp-content\/uploads\/2022\/01\/20220130_111359.jpg 1713w\" sizes=\"(max-width: 300px) 100vw, 300px\" \/><\/a><\/p>\n<p>Mit dem Kindertennis-Konzept des DTB und seiner Landesverb\u00e4nde, lernen die Kids bei<br \/>\nuns spielend Tennis und haben von der ersten Tennisstunde an jede Menge Freude! Wir<br \/>\nbringen den Kindern Tennis so bei, dass sie ein Leben lang Spa\u00df am Tennissport haben,<br \/>\ndenn die 6-12 J\u00e4hrigen trainieren in drei Lernstufen (Rot \u2013 Kleinfeld, Orange \u2013 Midcourt<br \/>\nund Gr\u00fcn \u2013 Gro\u00dffeld), die dem Alter und Entwicklungsstand angepasst sind.<br \/>\nDurch entsprechende Platzgr\u00f6\u00dfen, B\u00e4lle und Schl\u00e4ger sind Erfolgsmomente und lange<br \/>\nBallwechsel garantiert, ohne dass in zahlreichen Trainerstunden Schlag- und<br \/>\nBewegungstechniken m\u00fchevoll erlernt werden m\u00fcssen.<br \/>\nLerninhalte des Talentino-Trainings<br \/>\nNeben den Grundtechniken des Tennissports legen wir bei den Talentinos au\u00dferdem viel<br \/>\nWert auf die motorische Entwicklung und die F\u00e4higkeit Doppel spielen zu k\u00f6nnen. In jeder<br \/>\nLernstufe gibt es mehrere Trainingsziele mit verschiedenen Level und wir f\u00fchren<br \/>\nregelm\u00e4\u00dfig kleinere Spielaufgaben mit den Kindern durch. Die Kids werden dann f\u00fcr ihre<br \/>\nFortschritte mit Aufklebern belohnt. Diese kleben sie in ihrem Talentino-Kinderheft ein<br \/>\nund so sehen die Kinder immer was sie bereits alles gelernt haben und was sie noch<br \/>\nlernen werden &#8211; und auch f\u00fcr Eltern sind die Lernfortschritte anschaulich beschrieben.<br \/>\nF\u00fcr die Kinder ist es immer wieder eine Motivation die Aufgaben der jeweiligen Tests zu<br \/>\nmeistern, um das Tennisspiel in seinen Variationen immer besser zu beherrschen. Durch<br \/>\ndas geplante Vorgehen, regelm\u00e4\u00dfige Schulungen und neuartige Spiele und \u00dcbungen<br \/>\ngarantieren wir eine hohe Trainingsqualit\u00e4t f\u00fcr Ihre Kinder.<\/p>\n<p>Ballschultraining \u201eBallmagier\u201c f\u00fcr die j\u00fcngeren Kids von 4 bis 6 Jahren<br \/>\nAber auch die j\u00fcngeren Kinder sind bei uns bestens aufgehoben! Das Konzept<br \/>\n\u201cBallmagier\u201d ist ein strukturiertes Ballschultraining f\u00fcr Vorschulkinder. Sowohl im<br \/>\nkoordinativen als auch im sozialen Bereich werden auf eine spielerische Art die<br \/>\nGrundlagen f\u00fcr einen erfolgreichen Einstieg in das Kleinfeldtennis aber auch f\u00fcr viele<br \/>\nweitere Ballsportarten geschaffen. Im Fokus stehen die Bewegung zum Ball, das<br \/>\nAbsprungverhalten von B\u00e4llen und die Auge-Hand-Koordination. Je fr\u00fcher, vielseitiger<br \/>\nund spielerischer dies vermittelt wird, desto einfacher ist es f\u00fcr Ihr Kind!<\/p>\n<p style=\"text-align: left;\">\n","protected":false},"excerpt":{"rendered":"<p>Unter dem aufgef\u00fchrten Link, finden Sie alle Infos zu Thema TALENTINOS http:\/\/www.kindertennis.de Mit dem Kindertennis-Konzept des DTB und seiner Landesverb\u00e4nde, lernen die Kids bei uns spielend Tennis und haben von der ersten Tennisstunde an jede Menge Freude! Wir bringen den Kindern Tennis so bei, dass sie ein Leben lang Spa\u00df am Tennissport haben, denn die<a href=\"https:\/\/tura-tennis.de\/?page_id=20\">&raquo; Mehr erfahren&#8230;<\/a><\/p>\n","protected":false},"author":1,"featured_media":0,"parent":0,"menu_order":60,"comment_status":"closed","ping_status":"closed","template":"","meta":{"ngg_post_thumbnail":0},"_links":{"self":[{"href":"https:\/\/tura-tennis.de\/index.php?rest_route=\/wp\/v2\/pages\/20"}],"collection":[{"href":"https:\/\/tura-tennis.de\/index.php?rest_route=\/wp\/v2\/pages"}],"about":[{"href":"https:\/\/tura-tennis.de\/index.php?rest_route=\/wp\/v2\/types\/page"}],"author":[{"embeddable":true,"href":"https:\/\/tura-tennis.de\/index.php?rest_route=\/wp\/v2\/users\/1"}],"replies":[{"embeddable":true,"href":"https:\/\/tura-tennis.de\/index.php?rest_route=%2Fwp%2Fv2%2Fcomments&post=20"}],"version-history":[{"count":5,"href":"https:\/\/tura-tennis.de\/index.php?rest_route=\/wp\/v2\/pages\/20\/revisions"}],"predecessor-version":[{"id":5063,"href":"https:\/\/tura-tennis.de\/index.php?rest_route=\/wp\/v2\/pages\/20\/revisions\/5063"}],"wp:attachment":[{"href":"https:\/\/tura-tennis.de\/index.php?rest_route=%2Fwp%2Fv2%2Fmedia&parent=20"}],"curies":[{"name":"wp","href":"https:\/\/api.w.org\/{rel}","templated":true}]}}