{"id":149,"date":"2013-02-14T13:03:33","date_gmt":"2013-02-14T12:03:33","guid":{"rendered":"https:\/\/www.tura-tennis.de\/?page_id=149"},"modified":"2021-07-12T13:55:52","modified_gmt":"2021-07-12T11:55:52","slug":"platzordnung","status":"publish","type":"page","link":"https:\/\/tura-tennis.de\/?page_id=149","title":{"rendered":"Platzordnung"},"content":{"rendered":"<p>Tennispl\u00e4tze d\u00fcrfen nur mit Tennisschuhen bespielt werden;<\/p>\n<p>vor Spielbeginn sind die zu bespielenden Pl\u00e4tze zu w\u00e4ssern;<\/p>\n<p>nach Spielende m\u00fcssen die Pl\u00e4tze mit den Schleppnetzen abgezogen werden, bis zum Platzende, damit kein Moosbewuchs oder Unkraut zustande kommt!<\/p>\n<p>Es ist den Anordnungen des Platzwart folge zu leisten;<br \/>\nPlatzwart Reinhard K\u00f6rber<\/p>\n<p>Platzreservierungen sind im Voraus nicht erlaubt, erst beim Eintreffen kann an der Tafel f\u00fcr eine Stunde die Platzbelegung eingetragen werden.<\/p>\n<p>An Mannschaftstrainingstagen geht das Mannschafttraining vor, die Zeiten sind im Clubhaus ausgehangen!<\/p>\n<p>Pflichtstunden k\u00f6nnen das ganze Jahr abgeleistet werden, bitte mit dem Platzwart Reinhard K\u00f6rber abstimmen!<\/p>\n","protected":false},"excerpt":{"rendered":"<p>Tennispl\u00e4tze d\u00fcrfen nur mit Tennisschuhen bespielt werden; vor Spielbeginn sind die zu bespielenden Pl\u00e4tze zu w\u00e4ssern; nach Spielende m\u00fcssen die Pl\u00e4tze mit den Schleppnetzen abgezogen werden, bis zum Platzende, damit kein Moosbewuchs oder Unkraut zustande kommt! Es ist den Anordnungen des Platzwart folge zu leisten; Platzwart Reinhard K\u00f6rber Platzreservierungen sind im Voraus nicht erlaubt, erst<a href=\"https:\/\/tura-tennis.de\/?page_id=149\">&raquo; Mehr erfahren&#8230;<\/a><\/p>\n","protected":false},"author":1,"featured_media":0,"parent":14,"menu_order":40,"comment_status":"closed","ping_status":"closed","template":"","meta":{"ngg_post_thumbnail":0},"_links":{"self":[{"href":"https:\/\/tura-tennis.de\/index.php?rest_route=\/wp\/v2\/pages\/149"}],"collection":[{"href":"https:\/\/tura-tennis.de\/index.php?rest_route=\/wp\/v2\/pages"}],"about":[{"href":"https:\/\/tura-tennis.de\/index.php?rest_route=\/wp\/v2\/types\/page"}],"author":[{"embeddable":true,"href":"https:\/\/tura-tennis.de\/index.php?rest_route=\/wp\/v2\/users\/1"}],"replies":[{"embeddable":true,"href":"https:\/\/tura-tennis.de\/index.php?rest_route=%2Fwp%2Fv2%2Fcomments&post=149"}],"version-history":[{"count":5,"href":"https:\/\/tura-tennis.de\/index.php?rest_route=\/wp\/v2\/pages\/149\/revisions"}],"predecessor-version":[{"id":4809,"href":"https:\/\/tura-tennis.de\/index.php?rest_route=\/wp\/v2\/pages\/149\/revisions\/4809"}],"up":[{"embeddable":true,"href":"https:\/\/tura-tennis.de\/index.php?rest_route=\/wp\/v2\/pages\/14"}],"wp:attachment":[{"href":"https:\/\/tura-tennis.de\/index.php?rest_route=%2Fwp%2Fv2%2Fmedia&parent=149"}],"curies":[{"name":"wp","href":"https:\/\/api.w.org\/{rel}","templated":true}]}}