{"id":137,"date":"2013-02-14T13:01:12","date_gmt":"2013-02-14T12:01:12","guid":{"rendered":"https:\/\/www.tura-tennis.de\/?page_id=137"},"modified":"2014-11-07T19:22:59","modified_gmt":"2014-11-07T18:22:59","slug":"gastronomie","status":"publish","type":"page","link":"https:\/\/tura-tennis.de\/?page_id=137","title":{"rendered":"Gastronomie"},"content":{"rendered":"<p>Die Gastronomie wird von Familie K\u00f6rber bewirtet.<\/p>\n<p><a href=\"https:\/\/tura-tennis.de\/wp-content\/uploads\/2013\/02\/2010-04-17-Tura-Tennis-Gastro.jpg\"><img decoding=\"async\" loading=\"lazy\" class=\"alignnone size-thumbnail wp-image-856\" src=\"https:\/\/tura-tennis.de\/wp-content\/uploads\/2013\/02\/2010-04-17-Tura-Tennis-Gastro-150x150.jpg\" alt=\"2010-04-17-Tura-Tennis-Gastro\" width=\"150\" height=\"150\" \/><\/a>(FotoSt.Milk Hellweger Anzeiger)<\/p>\n<p>Am Stadion<br \/>\n59192 Bergkamen<br \/>\nTel 02307\/80167<\/p>\n<p>Das gem\u00fctliche Clubhaus bietet nach dem Match erfrischende Getr\u00e4nke,Leckereien f\u00fcr den kleinen Hunger und Kaffee,<br \/>\nsowie hausgemachten Kuchen in angenehmer Atmosph\u00e4re. Nat\u00fcrlich verf\u00fcgt das Clubhaus \u00fcber Dusch- und Umkleider\u00e4ume<br \/>\nund eine einladende Terrasse.<\/p>\n<p>Unser Gastroteam K\u00f6rber m\u00f6chte Ihnen den Aufenthalt in unserem sch\u00f6nen Clubhaus so angenehm wie m\u00f6glich gestalten.<br \/>\nGleichg\u00fcltig, ob es nach dem eigenen Spiel ist, als Zuschauer bei den Meisterschafsspielen bzw. Turnieren oder bei einer der<br \/>\nzahlreichen anderen Veranstaltungen-ob sportlich oder geselliger Art.<\/p>\n<p><a href=\"https:\/\/tura-tennis.de\/wp-content\/uploads\/2013\/02\/Clubhaus-Foto-2-2013.jpg\"><img decoding=\"async\" loading=\"lazy\" class=\"alignnone size-medium wp-image-991\" src=\"https:\/\/tura-tennis.de\/wp-content\/uploads\/2013\/02\/Clubhaus-Foto-2-2013-300x225.jpg\" alt=\"Clubhaus Foto 2 2013\" width=\"300\" height=\"225\" srcset=\"https:\/\/tura-tennis.de\/wp-content\/uploads\/2013\/02\/Clubhaus-Foto-2-2013-300x225.jpg 300w, https:\/\/tura-tennis.de\/wp-content\/uploads\/2013\/02\/Clubhaus-Foto-2-2013.jpg 1024w\" sizes=\"(max-width: 300px) 100vw, 300px\" \/><\/a>\u00a0<a href=\"https:\/\/tura-tennis.de\/wp-content\/uploads\/2013\/02\/Clubhaus-Foto-1-2013.jpg\"><img decoding=\"async\" loading=\"lazy\" class=\"alignnone size-medium wp-image-990\" src=\"https:\/\/tura-tennis.de\/wp-content\/uploads\/2013\/02\/Clubhaus-Foto-1-2013-300x225.jpg\" alt=\"Clubhaus Foto 1 2013\" width=\"300\" height=\"225\" srcset=\"https:\/\/tura-tennis.de\/wp-content\/uploads\/2013\/02\/Clubhaus-Foto-1-2013-300x225.jpg 300w, https:\/\/tura-tennis.de\/wp-content\/uploads\/2013\/02\/Clubhaus-Foto-1-2013.jpg 1024w\" sizes=\"(max-width: 300px) 100vw, 300px\" \/><\/a><\/p>\n","protected":false},"excerpt":{"rendered":"<p>Die Gastronomie wird von Familie K\u00f6rber bewirtet. (FotoSt.Milk Hellweger Anzeiger) Am Stadion 59192 Bergkamen Tel 02307\/80167 Das gem\u00fctliche Clubhaus bietet nach dem Match erfrischende Getr\u00e4nke,Leckereien f\u00fcr den kleinen Hunger und Kaffee, sowie hausgemachten Kuchen in angenehmer Atmosph\u00e4re. Nat\u00fcrlich verf\u00fcgt das Clubhaus \u00fcber Dusch- und Umkleider\u00e4ume und eine einladende Terrasse. Unser Gastroteam K\u00f6rber m\u00f6chte Ihnen den<a href=\"https:\/\/tura-tennis.de\/?page_id=137\">&raquo; Mehr erfahren&#8230;<\/a><\/p>\n","protected":false},"author":1,"featured_media":0,"parent":11,"menu_order":40,"comment_status":"closed","ping_status":"closed","template":"","meta":{"ngg_post_thumbnail":0},"_links":{"self":[{"href":"https:\/\/tura-tennis.de\/index.php?rest_route=\/wp\/v2\/pages\/137"}],"collection":[{"href":"https:\/\/tura-tennis.de\/index.php?rest_route=\/wp\/v2\/pages"}],"about":[{"href":"https:\/\/tura-tennis.de\/index.php?rest_route=\/wp\/v2\/types\/page"}],"author":[{"embeddable":true,"href":"https:\/\/tura-tennis.de\/index.php?rest_route=\/wp\/v2\/users\/1"}],"replies":[{"embeddable":true,"href":"https:\/\/tura-tennis.de\/index.php?rest_route=%2Fwp%2Fv2%2Fcomments&post=137"}],"version-history":[{"count":1,"href":"https:\/\/tura-tennis.de\/index.php?rest_route=\/wp\/v2\/pages\/137\/revisions"}],"predecessor-version":[{"id":1889,"href":"https:\/\/tura-tennis.de\/index.php?rest_route=\/wp\/v2\/pages\/137\/revisions\/1889"}],"up":[{"embeddable":true,"href":"https:\/\/tura-tennis.de\/index.php?rest_route=\/wp\/v2\/pages\/11"}],"wp:attachment":[{"href":"https:\/\/tura-tennis.de\/index.php?rest_route=%2Fwp%2Fv2%2Fmedia&parent=137"}],"curies":[{"name":"wp","href":"https:\/\/api.w.org\/{rel}","templated":true}]}}