{"id":11,"date":"2013-01-23T08:27:06","date_gmt":"2013-01-23T07:27:06","guid":{"rendered":"https:\/\/www.tura-tennis.de\/?page_id=11"},"modified":"2023-06-02T03:58:43","modified_gmt":"2023-06-02T01:58:43","slug":"der-clubsss","status":"publish","type":"page","link":"https:\/\/tura-tennis.de\/?page_id=11","title":{"rendered":"Der Club"},"content":{"rendered":"<p><img decoding=\"async\" loading=\"lazy\" class=\"alignnone size-thumbnail wp-image-217\" src=\"https:\/\/tura-tennis.de\/wp-content\/uploads\/2013\/01\/Tura-150x131.jpg\" alt=\"Tura\" width=\"150\" height=\"131\"><br \/>\nSie sind in Bergkamen zugezogen oder m\u00f6chten Tennis im Verein erlernen, spielen oder verfeinern?<br \/>\nDann sind Sie in der Tura-Tennisabteilung genau richtig.<br \/>\nAuf sechs Aschenpl\u00e4tzen- in unmittelbarer Stadtzentrumslage und dennoch ruhig und im Gr\u00fcnen,<br \/>\nin direkter Nachbarschaft zum Hallenbad, Beach-Volleyballplatz und Nordbergstadion-kann gespielt<br \/>\nwerden.<br \/>\nAusreichende Parkpl\u00e4tze finden Sie auf dem Treffpunkt\/VHS-und Hallenbad-Parkplatz&#8220; Am Stadion&#8220;.<br \/>\nWir verf\u00fcgen \u00fcber erfahrene Lizenz-Trainer , die von Anf\u00e4nger bis zum Turnierspieler, individuell<br \/>\nim Einzel- und Gruppentraining verpflichtet werden k\u00f6nnen.<br \/>\nUnser Motto lautet:<br \/>\n&#8220; H\u00f6re nie auf anzufangen, fange nie an aufzuh\u00f6ren&#8220;<\/p>\n","protected":false},"excerpt":{"rendered":"<p>Sie sind in Bergkamen zugezogen oder m\u00f6chten Tennis im Verein erlernen, spielen oder verfeinern? Dann sind Sie in der Tura-Tennisabteilung genau richtig. Auf sechs Aschenpl\u00e4tzen- in unmittelbarer Stadtzentrumslage und dennoch ruhig und im Gr\u00fcnen, in direkter Nachbarschaft zum Hallenbad, Beach-Volleyballplatz und Nordbergstadion-kann gespielt werden. Ausreichende Parkpl\u00e4tze finden Sie auf dem Treffpunkt\/VHS-und Hallenbad-Parkplatz&#8220; Am Stadion&#8220;. Wir<a href=\"https:\/\/tura-tennis.de\/?page_id=11\">&raquo; Mehr erfahren&#8230;<\/a><\/p>\n","protected":false},"author":1,"featured_media":0,"parent":0,"menu_order":10,"comment_status":"closed","ping_status":"closed","template":"","meta":{"ngg_post_thumbnail":0},"_links":{"self":[{"href":"https:\/\/tura-tennis.de\/index.php?rest_route=\/wp\/v2\/pages\/11"}],"collection":[{"href":"https:\/\/tura-tennis.de\/index.php?rest_route=\/wp\/v2\/pages"}],"about":[{"href":"https:\/\/tura-tennis.de\/index.php?rest_route=\/wp\/v2\/types\/page"}],"author":[{"embeddable":true,"href":"https:\/\/tura-tennis.de\/index.php?rest_route=\/wp\/v2\/users\/1"}],"replies":[{"embeddable":true,"href":"https:\/\/tura-tennis.de\/index.php?rest_route=%2Fwp%2Fv2%2Fcomments&post=11"}],"version-history":[{"count":2,"href":"https:\/\/tura-tennis.de\/index.php?rest_route=\/wp\/v2\/pages\/11\/revisions"}],"predecessor-version":[{"id":5269,"href":"https:\/\/tura-tennis.de\/index.php?rest_route=\/wp\/v2\/pages\/11\/revisions\/5269"}],"wp:attachment":[{"href":"https:\/\/tura-tennis.de\/index.php?rest_route=%2Fwp%2Fv2%2Fmedia&parent=11"}],"curies":[{"name":"wp","href":"https:\/\/api.w.org\/{rel}","templated":true}]}}